{"id":20766,"date":"2022-06-15T13:21:44","date_gmt":"2022-06-15T18:21:44","guid":{"rendered":"https:\/\/www.kele.com\/content\/?page_id=20766"},"modified":"2022-08-18T15:12:04","modified_gmt":"2022-08-18T20:12:04","slug":"international","status":"publish","type":"page","link":"https:\/\/www.kele.com\/content\/international","title":{"rendered":"International"},"content":{"rendered":"<p>[et_pb_section fb_built=&#8221;1&#8243; _builder_version=&#8221;4.17.1&#8243; _module_preset=&#8221;default&#8221; global_colors_info=&#8221;{}&#8221;][et_pb_row _builder_version=&#8221;4.17.1&#8243; _module_preset=&#8221;default&#8221; global_colors_info=&#8221;{}&#8221;][et_pb_column type=&#8221;4_4&#8243; _builder_version=&#8221;4.17.1&#8243; _module_preset=&#8221;default&#8221; global_colors_info=&#8221;{}&#8221;][et_pb_text _builder_version=&#8221;4.17.6&#8243; _module_preset=&#8221;default&#8221; hover_enabled=&#8221;0&#8243; global_colors_info=&#8221;{}&#8221; custom_margin_last_edited=&#8221;on|tablet&#8221; sticky_enabled=&#8221;0&#8243; custom_margin_tablet=&#8221;|10px||10px|false|false&#8221; custom_margin_phone=&#8221;|10px||10px|false|false&#8221;]<\/p>\n<h1 style=\"text-align: center;\">Kele International Sales<\/h1>\n<p>&nbsp;<\/p>\n<p>Since 1983, Kele has been committed to serving the distinct needs of the HVAC community both nationally and internationally. In over 40 countries worldwide, customers trust Kele with their building automation needs. We offer a broad selection of quality products at competitive prices from over 238 manufacturers \u2013 all available from one place.<\/p>\n<p>Desde 1983, Kele se ha comprometido a servir las distintas necesidades de la comunidad de HVAC entre la naci\u00f3n y internacionalmente. En m\u00e1s de 40 pa\u00edses alrededor del mundo, nuestros clientes le conf\u00edan a Kele sus necesidades de automatizaci\u00f3n de sistemas en edificios. Ofrecemos una amplia variedad de productos de calidad a precios competitivos, provenientes de m\u00e1s de 238 fabricantes y todos disponibles de un solo proveedor.<\/p>\n<p>[\/et_pb_text][et_pb_divider admin_label=&#8221;Divider&#8221; _builder_version=&#8221;4.17.1&#8243; _module_preset=&#8221;default&#8221; global_colors_info=&#8221;{}&#8221;][\/et_pb_divider][et_pb_text _builder_version=&#8221;4.17.6&#8243; _module_preset=&#8221;default&#8221; custom_margin_tablet=&#8221;|10px||10px|false|false&#8221; custom_margin_phone=&#8221;|10px||10px|false|false&#8221; custom_margin_last_edited=&#8221;on|tablet&#8221; global_colors_info=&#8221;{}&#8221;]<\/p>\n<h2>Memphis International Sales<strong><br \/><\/strong><\/h2>\n<p><a href=\"mailto:international@kele.com\">international@kele.com<\/a><br \/>Please include your name, company name, phone number and country<br \/>Phone: 901-382-6084<\/p>\n<h2>Kele International Representatives in your Region<\/h2>\n<p><strong>Singapore<\/strong><br \/>Michelle Ang<br \/>48 Mac Taggard Road #11-01<br \/>Singapore 368088<br \/>Phone: 65-6282-9120<br \/><a href=\"mailto:contactus@kele.com.sg\">contactus@kele.com.sg<\/a><\/p>\n<p><strong>Australia<\/strong><br \/>Primary Contact: Ian Eitzen<br \/>Secondary Contact: Blake Phelps<br \/>Condair Pty Ltd<br \/>Unit 4, 38 Leighton Place<br \/>Hornsby, NSW 2077, Australia<br \/>Phone: +61(0)2 9987 2006<br \/>Website &#8211; www.condair.com.au<br \/><a href=\"mailto:ian.eitzen@condair.com\">ian.eitzen@condair.com<\/a><br \/><a href=\"mailto:blake.phelps@condair.com\">blake.phelps@condair.com<\/a><\/p>\n<p>[\/et_pb_text][\/et_pb_column][\/et_pb_row][\/et_pb_section]<\/p>\n","protected":false},"excerpt":{"rendered":"<p>Kele International Sales &nbsp; Since 1983, Kele has&#8230;<\/p>\n","protected":false},"author":1,"featured_media":0,"parent":0,"menu_order":0,"comment_status":"closed","ping_status":"closed","template":"full-width.php","meta":{"_et_pb_use_builder":"on","_et_pb_old_content":"","_et_gb_content_width":"","footnotes":""},"folder":[247],"class_list":["post-20766","page","type-page","status-publish","hentry"],"yoast_head":"<!-- This site is optimized with the Yoast SEO plugin v27.2 - https:\/\/yoast.com\/product\/yoast-seo-wordpress\/ -->\r\n<title>International - kele.com<\/title>\r\n<meta name=\"description\" content=\"Since 1983, Kele has been committed to serving the distinct needs of the HVAC community both nationally and internationally.\" \/>\r\n<meta name=\"robots\" content=\"index, follow, max-snippet:-1, max-image-preview:large, max-video-preview:-1\" \/>\r\n<link rel=\"canonical\" href=\"https:\/\/www.kele.com\/content\/international\" \/>\r\n<meta property=\"og:locale\" content=\"en_US\" \/>\r\n<meta property=\"og:type\" content=\"article\" \/>\r\n<meta property=\"og:title\" content=\"International - kele.com\" \/>\r\n<meta property=\"og:description\" content=\"Since 1983, Kele has been committed to serving the distinct needs of the HVAC community both nationally and internationally.\" \/>\r\n<meta property=\"og:url\" content=\"https:\/\/www.kele.com\/content\/international\" \/>\r\n<meta property=\"og:site_name\" content=\"kele.com\" \/>\r\n<meta property=\"article:modified_time\" content=\"2022-08-18T20:12:04+00:00\" \/>\r\n<meta name=\"twitter:card\" content=\"summary_large_image\" \/>\r\n<meta name=\"twitter:label1\" content=\"Est. reading time\" \/>\n\t<meta name=\"twitter:data1\" content=\"1 minute\" \/>\r\n<script type=\"application\/ld+json\" class=\"yoast-schema-graph\">{\"@context\":\"https:\/\/schema.org\",\"@graph\":[{\"@type\":\"WebPage\",\"@id\":\"https:\/\/www.kele.com\/content\/international\",\"url\":\"https:\/\/www.kele.com\/content\/international\",\"name\":\"International - kele.com\",\"isPartOf\":{\"@id\":\"https:\/\/www.kele.com\/content\/#website\"},\"datePublished\":\"2022-06-15T18:21:44+00:00\",\"dateModified\":\"2022-08-18T20:12:04+00:00\",\"description\":\"Since 1983, Kele has been committed to serving the distinct needs of the HVAC community both nationally and internationally.\",\"breadcrumb\":{\"@id\":\"https:\/\/www.kele.com\/content\/international#breadcrumb\"},\"inLanguage\":\"en-US\",\"potentialAction\":[{\"@type\":\"ReadAction\",\"target\":[\"https:\/\/www.kele.com\/content\/international\"]}]},{\"@type\":\"BreadcrumbList\",\"@id\":\"https:\/\/www.kele.com\/content\/international#breadcrumb\",\"itemListElement\":[{\"@type\":\"ListItem\",\"position\":1,\"name\":\"Home\",\"item\":\"https:\/\/www.kele.com\/content\/\"},{\"@type\":\"ListItem\",\"position\":2,\"name\":\"International\"}]},{\"@type\":\"WebSite\",\"@id\":\"https:\/\/www.kele.com\/content\/#website\",\"url\":\"https:\/\/www.kele.com\/content\/\",\"name\":\"kele.com\",\"description\":\"Kele is a single source supplier with a huge inventory for all your building automation requirements. In-stock items ship same day, 3-day standard shipping.\",\"potentialAction\":[{\"@type\":\"SearchAction\",\"target\":{\"@type\":\"EntryPoint\",\"urlTemplate\":\"https:\/\/www.kele.com\/content\/?s={search_term_string}\"},\"query-input\":{\"@type\":\"PropertyValueSpecification\",\"valueRequired\":true,\"valueName\":\"search_term_string\"}}],\"inLanguage\":\"en-US\"}]}<\/script>\r\n<!-- \/ Yoast SEO plugin. -->","yoast_head_json":{"title":"International - kele.com","description":"Since 1983, Kele has been committed to serving the distinct needs of the HVAC community both nationally and internationally.","robots":{"index":"index","follow":"follow","max-snippet":"max-snippet:-1","max-image-preview":"max-image-preview:large","max-video-preview":"max-video-preview:-1"},"canonical":"https:\/\/www.kele.com\/content\/international","og_locale":"en_US","og_type":"article","og_title":"International - kele.com","og_description":"Since 1983, Kele has been committed to serving the distinct needs of the HVAC community both nationally and internationally.","og_url":"https:\/\/www.kele.com\/content\/international","og_site_name":"kele.com","article_modified_time":"2022-08-18T20:12:04+00:00","twitter_card":"summary_large_image","twitter_misc":{"Est. reading time":"1 minute"},"schema":{"@context":"https:\/\/schema.org","@graph":[{"@type":"WebPage","@id":"https:\/\/www.kele.com\/content\/international","url":"https:\/\/www.kele.com\/content\/international","name":"International - kele.com","isPartOf":{"@id":"https:\/\/www.kele.com\/content\/#website"},"datePublished":"2022-06-15T18:21:44+00:00","dateModified":"2022-08-18T20:12:04+00:00","description":"Since 1983, Kele has been committed to serving the distinct needs of the HVAC community both nationally and internationally.","breadcrumb":{"@id":"https:\/\/www.kele.com\/content\/international#breadcrumb"},"inLanguage":"en-US","potentialAction":[{"@type":"ReadAction","target":["https:\/\/www.kele.com\/content\/international"]}]},{"@type":"BreadcrumbList","@id":"https:\/\/www.kele.com\/content\/international#breadcrumb","itemListElement":[{"@type":"ListItem","position":1,"name":"Home","item":"https:\/\/www.kele.com\/content\/"},{"@type":"ListItem","position":2,"name":"International"}]},{"@type":"WebSite","@id":"https:\/\/www.kele.com\/content\/#website","url":"https:\/\/www.kele.com\/content\/","name":"kele.com","description":"Kele is a single source supplier with a huge inventory for all your building automation requirements. In-stock items ship same day, 3-day standard shipping.","potentialAction":[{"@type":"SearchAction","target":{"@type":"EntryPoint","urlTemplate":"https:\/\/www.kele.com\/content\/?s={search_term_string}"},"query-input":{"@type":"PropertyValueSpecification","valueRequired":true,"valueName":"search_term_string"}}],"inLanguage":"en-US"}]}},"_links":{"self":[{"href":"https:\/\/www.kele.com\/content\/wp-json\/wp\/v2\/pages\/20766","targetHints":{"allow":["GET"]}}],"collection":[{"href":"https:\/\/www.kele.com\/content\/wp-json\/wp\/v2\/pages"}],"about":[{"href":"https:\/\/www.kele.com\/content\/wp-json\/wp\/v2\/types\/page"}],"author":[{"embeddable":true,"href":"https:\/\/www.kele.com\/content\/wp-json\/wp\/v2\/users\/1"}],"replies":[{"embeddable":true,"href":"https:\/\/www.kele.com\/content\/wp-json\/wp\/v2\/comments?post=20766"}],"version-history":[{"count":0,"href":"https:\/\/www.kele.com\/content\/wp-json\/wp\/v2\/pages\/20766\/revisions"}],"wp:attachment":[{"href":"https:\/\/www.kele.com\/content\/wp-json\/wp\/v2\/media?parent=20766"}],"wp:term":[{"taxonomy":"folder","embeddable":true,"href":"https:\/\/www.kele.com\/content\/wp-json\/wp\/v2\/folder?post=20766"}],"curies":[{"name":"wp","href":"https:\/\/api.w.org\/{rel}","templated":true}]}}